{"id":3965,"date":"2024-11-22T08:13:55","date_gmt":"2024-11-22T08:13:55","guid":{"rendered":"https:\/\/tudar.pl\/realizacje\/"},"modified":"2026-02-19T11:21:45","modified_gmt":"2026-02-19T11:21:45","slug":"projects","status":"publish","type":"page","link":"https:\/\/tudar.pl\/en\/projects\/","title":{"rendered":"Projects"},"content":{"rendered":"\t\t<div data-elementor-type=\"wp-page\" data-elementor-id=\"3965\" class=\"elementor elementor-3965 elementor-181\" data-elementor-post-type=\"page\">\n\t\t\t\t<div class=\"elementor-element elementor-element-436c9a7 e-flex e-con-boxed elementor-invisible e-con e-parent\" data-id=\"436c9a7\" data-element_type=\"container\" data-settings=\"{&quot;motion_fx_motion_fx_scrolling&quot;:&quot;yes&quot;,&quot;animation&quot;:&quot;fadeInLeft&quot;,&quot;motion_fx_devices&quot;:[&quot;widescreen&quot;,&quot;desktop&quot;,&quot;tablet&quot;,&quot;mobile&quot;]}\">\n\t\t\t\t\t<div class=\"e-con-inner\">\n\t\t<div class=\"elementor-element elementor-element-1438b2e e-flex e-con-boxed e-con e-child\" data-id=\"1438b2e\" data-element_type=\"container\">\n\t\t\t\t\t<div class=\"e-con-inner\">\n\t\t<a class=\"elementor-element elementor-element-b6f563c e-con-full portfolioTile e-flex e-con e-child\" data-id=\"b6f563c\" data-element_type=\"container\" data-settings=\"{&quot;background_background&quot;:&quot;classic&quot;}\" href=\"https:\/\/tudar.pl\/en\/a-restaurant-with-a-modern-oriental-style\/\">\n\t\t\t\t<div class=\"elementor-element elementor-element-04bf79a elementor-widget__width-inherit elementor-widget elementor-widget-heading\" data-id=\"04bf79a\" data-element_type=\"widget\" data-widget_type=\"heading.default\">\n\t\t\t\t<div class=\"elementor-widget-container\">\n\t\t\t\t\t<h2 class=\"elementor-heading-title elementor-size-default\">A restaurant with a modern oriental style<\/h2>\t\t\t\t<\/div>\n\t\t\t\t<\/div>\n\t\t\t\t<div class=\"elementor-element elementor-element-679889a elementor-widget elementor-widget-text-editor\" data-id=\"679889a\" data-element_type=\"widget\" data-widget_type=\"text-editor.default\">\n\t\t\t\t<div class=\"elementor-widget-container\">\n\t\t\t\t\t\t\t\t\t<p>Commercial project \u2013 Madame Thy restaurant in Warsaw<\/p>\n\t\t\t\t\t\t\t\t<\/div>\n\t\t\t\t<\/div>\n\t\t\t\t<\/a>\n\t\t<a class=\"elementor-element elementor-element-dbb15b1 e-con-full portfolioTile e-flex e-con e-child\" data-id=\"dbb15b1\" data-element_type=\"container\" data-settings=\"{&quot;background_background&quot;:&quot;classic&quot;}\" href=\"https:\/\/tudar.pl\/en\/modern-classic-style-bedroom\/\">\n\t\t\t\t<div class=\"elementor-element elementor-element-9910001 elementor-widget__width-inherit elementor-widget elementor-widget-heading\" data-id=\"9910001\" data-element_type=\"widget\" data-widget_type=\"heading.default\">\n\t\t\t\t<div class=\"elementor-widget-container\">\n\t\t\t\t\t<h2 class=\"elementor-heading-title elementor-size-default\">Modern classic bedroom<\/h2>\t\t\t\t<\/div>\n\t\t\t\t<\/div>\n\t\t\t\t<div class=\"elementor-element elementor-element-7f22755 elementor-widget elementor-widget-text-editor\" data-id=\"7f22755\" data-element_type=\"widget\" data-widget_type=\"text-editor.default\">\n\t\t\t\t<div class=\"elementor-widget-container\">\n\t\t\t\t\t\t\t\t\t<p>Private implementation<\/p>\t\t\t\t\t\t\t\t<\/div>\n\t\t\t\t<\/div>\n\t\t\t\t<\/a>\n\t\t<a class=\"elementor-element elementor-element-f25a96a e-con-full portfolioTile e-flex e-con e-child\" data-id=\"f25a96a\" data-element_type=\"container\" data-settings=\"{&quot;background_background&quot;:&quot;classic&quot;}\" href=\"https:\/\/tudar.pl\/en\/a-living-area-with-character\/\">\n\t\t\t\t<div class=\"elementor-element elementor-element-5d2b755 elementor-widget__width-inherit elementor-widget elementor-widget-heading\" data-id=\"5d2b755\" data-element_type=\"widget\" data-widget_type=\"heading.default\">\n\t\t\t\t<div class=\"elementor-widget-container\">\n\t\t\t\t\t<h2 class=\"elementor-heading-title elementor-size-default\">A living area with character<\/h2>\t\t\t\t<\/div>\n\t\t\t\t<\/div>\n\t\t\t\t<div class=\"elementor-element elementor-element-ebabcc8 elementor-widget elementor-widget-text-editor\" data-id=\"ebabcc8\" data-element_type=\"widget\" data-widget_type=\"text-editor.default\">\n\t\t\t\t<div class=\"elementor-widget-container\">\n\t\t\t\t\t\t\t\t\t<p>Private implementation<\/p>\n\t\t\t\t\t\t\t\t<\/div>\n\t\t\t\t<\/div>\n\t\t\t\t<\/a>\n\t\t\t\t\t<\/div>\n\t\t\t\t<\/div>\n\t\t\t\t\t<\/div>\n\t\t\t\t<\/div>\n\t\t<div class=\"elementor-element elementor-element-56a8fda e-flex e-con-boxed elementor-invisible e-con e-parent\" data-id=\"56a8fda\" data-element_type=\"container\" data-settings=\"{&quot;motion_fx_motion_fx_scrolling&quot;:&quot;yes&quot;,&quot;animation&quot;:&quot;fadeInLeft&quot;,&quot;motion_fx_devices&quot;:[&quot;widescreen&quot;,&quot;desktop&quot;,&quot;tablet&quot;,&quot;mobile&quot;]}\">\n\t\t\t\t\t<div class=\"e-con-inner\">\n\t\t<div class=\"elementor-element elementor-element-37b2acd e-flex e-con-boxed e-con e-child\" data-id=\"37b2acd\" data-element_type=\"container\">\n\t\t\t\t\t<div class=\"e-con-inner\">\n\t\t<a class=\"elementor-element elementor-element-94a4adb e-con-full portfolioTile e-flex e-con e-child\" data-id=\"94a4adb\" data-element_type=\"container\" data-settings=\"{&quot;background_background&quot;:&quot;classic&quot;}\" href=\"https:\/\/tudar.pl\/en\/sofas-inspired-by-lines-and-lightness\/\">\n\t\t\t\t<div class=\"elementor-element elementor-element-3e821a1 elementor-widget__width-inherit elementor-widget elementor-widget-heading\" data-id=\"3e821a1\" data-element_type=\"widget\" data-widget_type=\"heading.default\">\n\t\t\t\t<div class=\"elementor-widget-container\">\n\t\t\t\t\t<h2 class=\"elementor-heading-title elementor-size-default\">Sofas inspired by lightness<\/h2>\t\t\t\t<\/div>\n\t\t\t\t<\/div>\n\t\t\t\t<div class=\"elementor-element elementor-element-0e04a54 elementor-widget elementor-widget-text-editor\" data-id=\"0e04a54\" data-element_type=\"widget\" data-widget_type=\"text-editor.default\">\n\t\t\t\t<div class=\"elementor-widget-container\">\n\t\t\t\t\t\t\t\t\t<p>Private implementation<\/p>\n\t\t\t\t\t\t\t\t<\/div>\n\t\t\t\t<\/div>\n\t\t\t\t<\/a>\n\t\t<a class=\"elementor-element elementor-element-19defaf e-con-full portfolioTile e-flex e-con e-child\" data-id=\"19defaf\" data-element_type=\"container\" data-settings=\"{&quot;background_background&quot;:&quot;classic&quot;}\">\n\t\t\t\t<div class=\"elementor-element elementor-element-6f31628 elementor-widget__width-inherit elementor-widget elementor-widget-heading\" data-id=\"6f31628\" data-element_type=\"widget\" data-widget_type=\"heading.default\">\n\t\t\t\t<div class=\"elementor-widget-container\">\n\t\t\t\t\t<h2 class=\"elementor-heading-title elementor-size-default\">Upholstered accents in a classic interior<\/h2>\t\t\t\t<\/div>\n\t\t\t\t<\/div>\n\t\t\t\t<div class=\"elementor-element elementor-element-7ab8701 elementor-widget elementor-widget-text-editor\" data-id=\"7ab8701\" data-element_type=\"widget\" data-widget_type=\"text-editor.default\">\n\t\t\t\t<div class=\"elementor-widget-container\">\n\t\t\t\t\t\t\t\t\t<p>Private implementation<\/p>\n\t\t\t\t\t\t\t\t<\/div>\n\t\t\t\t<\/div>\n\t\t\t\t<\/a>\n\t\t<a class=\"elementor-element elementor-element-7ebe36d e-con-full portfolioTile e-flex e-con e-child\" data-id=\"7ebe36d\" data-element_type=\"container\" data-settings=\"{&quot;background_background&quot;:&quot;classic&quot;}\" href=\"https:\/\/tudar.pl\/en\/comfort-and-functionality-in-a-hotel-setting\/\">\n\t\t\t\t<div class=\"elementor-element elementor-element-81290b0 elementor-widget__width-inherit elementor-widget elementor-widget-heading\" data-id=\"81290b0\" data-element_type=\"widget\" data-widget_type=\"heading.default\">\n\t\t\t\t<div class=\"elementor-widget-container\">\n\t\t\t\t\t<h2 class=\"elementor-heading-title elementor-size-default\">Comfort and functionality in a hotel setting<\/h2>\t\t\t\t<\/div>\n\t\t\t\t<\/div>\n\t\t\t\t<div class=\"elementor-element elementor-element-08898fe elementor-widget elementor-widget-text-editor\" data-id=\"08898fe\" data-element_type=\"widget\" data-widget_type=\"text-editor.default\">\n\t\t\t\t<div class=\"elementor-widget-container\">\n\t\t\t\t\t\t\t\t\t<p>Facilities at the Arche Na\u0142\u0119cz\u00f3w Hotel<\/p>\n\t\t\t\t\t\t\t\t<\/div>\n\t\t\t\t<\/div>\n\t\t\t\t<\/a>\n\t\t\t\t\t<\/div>\n\t\t\t\t<\/div>\n\t\t\t\t\t<\/div>\n\t\t\t\t<\/div>\n\t\t<div class=\"elementor-element elementor-element-33fd4c6 e-flex e-con-boxed elementor-invisible e-con e-parent\" data-id=\"33fd4c6\" data-element_type=\"container\" data-settings=\"{&quot;motion_fx_motion_fx_scrolling&quot;:&quot;yes&quot;,&quot;animation&quot;:&quot;fadeInLeft&quot;,&quot;motion_fx_devices&quot;:[&quot;widescreen&quot;,&quot;desktop&quot;,&quot;tablet&quot;,&quot;mobile&quot;]}\">\n\t\t\t\t\t<div class=\"e-con-inner\">\n\t\t<div class=\"elementor-element elementor-element-6294b57 e-flex e-con-boxed e-con e-child\" data-id=\"6294b57\" data-element_type=\"container\">\n\t\t\t\t\t<div class=\"e-con-inner\">\n\t\t<a class=\"elementor-element elementor-element-a8867e4 e-con-full portfolioTile e-flex e-con e-child\" data-id=\"a8867e4\" data-element_type=\"container\" data-settings=\"{&quot;background_background&quot;:&quot;classic&quot;}\" href=\"https:\/\/tudar.pl\/en\/modular-corner-sofa-for-premium-interiors\/\">\n\t\t\t\t<div class=\"elementor-element elementor-element-6219bd8 elementor-widget__width-inherit elementor-widget elementor-widget-heading\" data-id=\"6219bd8\" data-element_type=\"widget\" data-widget_type=\"heading.default\">\n\t\t\t\t<div class=\"elementor-widget-container\">\n\t\t\t\t\t<h2 class=\"elementor-heading-title elementor-size-default\">Modular corner sofa for premium interiors<\/h2>\t\t\t\t<\/div>\n\t\t\t\t<\/div>\n\t\t\t\t<div class=\"elementor-element elementor-element-442bd71 elementor-widget elementor-widget-text-editor\" data-id=\"442bd71\" data-element_type=\"widget\" data-widget_type=\"text-editor.default\">\n\t\t\t\t<div class=\"elementor-widget-container\">\n\t\t\t\t\t\t\t\t\t<p>Private implementation<\/p>\n\t\t\t\t\t\t\t\t<\/div>\n\t\t\t\t<\/div>\n\t\t\t\t<\/a>\n\t\t\t\t\t<\/div>\n\t\t\t\t<\/div>\n\t\t\t\t\t<\/div>\n\t\t\t\t<\/div>\n\t\t\t\t<\/div>\n\t\t","protected":false},"excerpt":{"rendered":"<p>A restaurant with a modern oriental style Commercial project \u2013 Madame Thy restaurant in Warsaw Modern classic bedroom Private implementation A living area with character Private implementation Sofas inspired by lightness Private implementation Upholstered accents in a classic interior Private implementation Comfort and functionality in a hotel setting Facilities at the Arche Na\u0142\u0119cz\u00f3w Hotel Modular [&hellip;]<\/p>\n","protected":false},"author":1,"featured_media":0,"parent":0,"menu_order":0,"comment_status":"closed","ping_status":"closed","template":"","meta":{"_acf_changed":false,"footnotes":""},"class_list":["post-3965","page","type-page","status-publish","hentry"],"acf":[],"aioseo_notices":[],"_links":{"self":[{"href":"https:\/\/tudar.pl\/en\/wp-json\/wp\/v2\/pages\/3965","targetHints":{"allow":["GET"]}}],"collection":[{"href":"https:\/\/tudar.pl\/en\/wp-json\/wp\/v2\/pages"}],"about":[{"href":"https:\/\/tudar.pl\/en\/wp-json\/wp\/v2\/types\/page"}],"author":[{"embeddable":true,"href":"https:\/\/tudar.pl\/en\/wp-json\/wp\/v2\/users\/1"}],"replies":[{"embeddable":true,"href":"https:\/\/tudar.pl\/en\/wp-json\/wp\/v2\/comments?post=3965"}],"version-history":[{"count":28,"href":"https:\/\/tudar.pl\/en\/wp-json\/wp\/v2\/pages\/3965\/revisions"}],"predecessor-version":[{"id":5240,"href":"https:\/\/tudar.pl\/en\/wp-json\/wp\/v2\/pages\/3965\/revisions\/5240"}],"wp:attachment":[{"href":"https:\/\/tudar.pl\/en\/wp-json\/wp\/v2\/media?parent=3965"}],"curies":[{"name":"wp","href":"https:\/\/api.w.org\/{rel}","templated":true}]}}