{"id":4027,"date":"2024-12-11T14:06:56","date_gmt":"2024-12-11T14:06:56","guid":{"rendered":"https:\/\/tudar.pl\/produkt\/asti\/"},"modified":"2025-04-30T13:09:51","modified_gmt":"2025-04-30T13:09:51","slug":"asti","status":"publish","type":"product","link":"https:\/\/tudar.pl\/en\/produkt\/asti\/","title":{"rendered":"Asti"},"content":{"rendered":"<p>Asti sofa combines functionality with modern design. Equipped with a sleeping function of 140 \u00d7 200 cm, it provides a spacious place to relax. The foam filling guarantees comfort and springiness, making it perfect for everyday use.<br \/>\nDost\u0119pna w pi\u0119ciu kolorach, kanapa Asti z \u0142atwo\u015bci\u0105 dopasuje si\u0119 do wn\u0119trza, dodaj\u0105c mu elegancji i stylu.<\/p>\n","protected":false},"excerpt":{"rendered":"<p>Asti sofa with sleeping function, combining modern design with comfort.<\/p>\n","protected":false},"featured_media":3857,"comment_status":"open","ping_status":"closed","template":"","meta":{"_acf_changed":false},"product_cat":[48],"product_tag":[],"class_list":{"0":"post-4027","1":"product","2":"type-product","3":"status-publish","4":"has-post-thumbnail","6":"product_cat-couch","8":"first","9":"instock","10":"sale","11":"featured","12":"shipping-taxable","13":"purchasable","14":"product-type-variable"},"acf":[],"aioseo_notices":[],"_links":{"self":[{"href":"https:\/\/tudar.pl\/en\/wp-json\/wp\/v2\/product\/4027","targetHints":{"allow":["GET"]}}],"collection":[{"href":"https:\/\/tudar.pl\/en\/wp-json\/wp\/v2\/product"}],"about":[{"href":"https:\/\/tudar.pl\/en\/wp-json\/wp\/v2\/types\/product"}],"replies":[{"embeddable":true,"href":"https:\/\/tudar.pl\/en\/wp-json\/wp\/v2\/comments?post=4027"}],"version-history":[{"count":4,"href":"https:\/\/tudar.pl\/en\/wp-json\/wp\/v2\/product\/4027\/revisions"}],"predecessor-version":[{"id":4554,"href":"https:\/\/tudar.pl\/en\/wp-json\/wp\/v2\/product\/4027\/revisions\/4554"}],"wp:featuredmedia":[{"embeddable":true,"href":"https:\/\/tudar.pl\/en\/wp-json\/wp\/v2\/media\/3857"}],"wp:attachment":[{"href":"https:\/\/tudar.pl\/en\/wp-json\/wp\/v2\/media?parent=4027"}],"wp:term":[{"taxonomy":"product_cat","embeddable":true,"href":"https:\/\/tudar.pl\/en\/wp-json\/wp\/v2\/product_cat?post=4027"},{"taxonomy":"product_tag","embeddable":true,"href":"https:\/\/tudar.pl\/en\/wp-json\/wp\/v2\/product_tag?post=4027"}],"curies":[{"name":"wp","href":"https:\/\/api.w.org\/{rel}","templated":true}]}}