{"id":4030,"date":"2024-12-11T14:06:56","date_gmt":"2024-12-11T14:06:56","guid":{"rendered":"https:\/\/tudar.pl\/produkt\/marika\/"},"modified":"2025-04-30T13:23:08","modified_gmt":"2025-04-30T13:23:08","slug":"marika","status":"publish","type":"product","link":"https:\/\/tudar.pl\/en\/produkt\/marika\/","title":{"rendered":"Marika"},"content":{"rendered":"<p>Marika corner sofa is an elegant and functional piece of furniture, which stands out for its light form on slender legs. It has a spacious sleeping function (157 \u00d7 246 cm), and its carefully designed filling combines comfort and durability. Bonell pocket springs and foam provide optimum support and flexibility, while silicone and feather-filled pillows add softness and coziness.<br \/>\nNaro\u017cnik Marika dost\u0119pny jest w dw\u00f3ch wariantach kolorystycznych, kt\u00f3re doskonale komponuj\u0105 si\u0119 z nowoczesnymi aran\u017cacjami wn\u0119trz.<\/p>\n","protected":false},"excerpt":{"rendered":"<p>Marika corner sofa &#8211; a folding model on legs with a sleeping function.<\/p>\n","protected":false},"featured_media":3841,"comment_status":"open","ping_status":"closed","template":"","meta":{"_acf_changed":false},"product_cat":[51],"product_tag":[],"class_list":{"0":"post-4030","1":"product","2":"type-product","3":"status-publish","4":"has-post-thumbnail","6":"product_cat-sectional-sofa","8":"first","9":"instock","10":"sale","11":"shipping-taxable","12":"purchasable","13":"product-type-variable"},"acf":[],"aioseo_notices":[],"_links":{"self":[{"href":"https:\/\/tudar.pl\/en\/wp-json\/wp\/v2\/product\/4030","targetHints":{"allow":["GET"]}}],"collection":[{"href":"https:\/\/tudar.pl\/en\/wp-json\/wp\/v2\/product"}],"about":[{"href":"https:\/\/tudar.pl\/en\/wp-json\/wp\/v2\/types\/product"}],"replies":[{"embeddable":true,"href":"https:\/\/tudar.pl\/en\/wp-json\/wp\/v2\/comments?post=4030"}],"version-history":[{"count":4,"href":"https:\/\/tudar.pl\/en\/wp-json\/wp\/v2\/product\/4030\/revisions"}],"predecessor-version":[{"id":4551,"href":"https:\/\/tudar.pl\/en\/wp-json\/wp\/v2\/product\/4030\/revisions\/4551"}],"wp:featuredmedia":[{"embeddable":true,"href":"https:\/\/tudar.pl\/en\/wp-json\/wp\/v2\/media\/3841"}],"wp:attachment":[{"href":"https:\/\/tudar.pl\/en\/wp-json\/wp\/v2\/media?parent=4030"}],"wp:term":[{"taxonomy":"product_cat","embeddable":true,"href":"https:\/\/tudar.pl\/en\/wp-json\/wp\/v2\/product_cat?post=4030"},{"taxonomy":"product_tag","embeddable":true,"href":"https:\/\/tudar.pl\/en\/wp-json\/wp\/v2\/product_tag?post=4030"}],"curies":[{"name":"wp","href":"https:\/\/api.w.org\/{rel}","templated":true}]}}