{"id":4567,"date":"2024-12-11T14:06:57","date_gmt":"2024-12-11T14:06:57","guid":{"rendered":"https:\/\/tudar.pl\/produkt\/cozy-boucle\/"},"modified":"2024-12-11T14:06:57","modified_gmt":"2024-12-11T14:06:57","slug":"cozy-boucle","status":"publish","type":"product","link":"https:\/\/tudar.pl\/en\/produkt\/cozy-boucle\/","title":{"rendered":"Cozy Boucl\u00e9"},"content":{"rendered":"<p>The Cozy Boucl\u00e9 pouf is a combination of comfort and style. Made of soft boucl\u00e9 fabric, it brings warmth and coziness to your interior. Its compact and lightweight form makes it perfect both as an additional seat and a comfortable footstool &#8211; you can easily move it wherever you need it. The unique texture of the material adds a subtle character to the arrangement, combining modernity with timeless elegance.<\/p>\n","protected":false},"excerpt":{"rendered":"<p>Cozy Boucl\u00e9 pouffe made of loop fabric.<\/p>\n","protected":false},"featured_media":3915,"comment_status":"open","ping_status":"closed","template":"","meta":{"_acf_changed":false},"product_cat":[53],"product_tag":[],"class_list":{"0":"post-4567","1":"product","2":"type-product","3":"status-publish","4":"has-post-thumbnail","6":"product_cat-pouf","8":"first","9":"outofstock","10":"sale","11":"shipping-taxable","12":"purchasable","13":"product-type-simple"},"acf":[],"aioseo_notices":[],"_links":{"self":[{"href":"https:\/\/tudar.pl\/en\/wp-json\/wp\/v2\/product\/4567","targetHints":{"allow":["GET"]}}],"collection":[{"href":"https:\/\/tudar.pl\/en\/wp-json\/wp\/v2\/product"}],"about":[{"href":"https:\/\/tudar.pl\/en\/wp-json\/wp\/v2\/types\/product"}],"replies":[{"embeddable":true,"href":"https:\/\/tudar.pl\/en\/wp-json\/wp\/v2\/comments?post=4567"}],"version-history":[{"count":0,"href":"https:\/\/tudar.pl\/en\/wp-json\/wp\/v2\/product\/4567\/revisions"}],"wp:featuredmedia":[{"embeddable":true,"href":"https:\/\/tudar.pl\/en\/wp-json\/wp\/v2\/media\/3915"}],"wp:attachment":[{"href":"https:\/\/tudar.pl\/en\/wp-json\/wp\/v2\/media?parent=4567"}],"wp:term":[{"taxonomy":"product_cat","embeddable":true,"href":"https:\/\/tudar.pl\/en\/wp-json\/wp\/v2\/product_cat?post=4567"},{"taxonomy":"product_tag","embeddable":true,"href":"https:\/\/tudar.pl\/en\/wp-json\/wp\/v2\/product_tag?post=4567"}],"curies":[{"name":"wp","href":"https:\/\/api.w.org\/{rel}","templated":true}]}}